{"id":1982,"date":"2022-09-27T02:04:25","date_gmt":"2022-09-27T02:04:25","guid":{"rendered":"https:\/\/demo.7iquid.com\/carmelina\/?page_id=1982"},"modified":"2026-03-17T16:23:10","modified_gmt":"2026-03-17T16:23:10","slug":"terms-condition","status":"publish","type":"page","link":"https:\/\/urban-west-apartments-zagreb.com\/en\/terms-condition\/","title":{"rendered":"Privacy policy"},"content":{"rendered":"<div data-elementor-type=\"wp-page\" data-elementor-id=\"1982\" class=\"elementor elementor-1982\">\n\t\t\t\t        <section class=\"elementor-section elementor-top-section elementor-element elementor-element-5d3ffb2 elementor-section-boxed elementor-section-height-default elementor-section-height-default pxl-section-static-pos-no pxl-section-overflow-hidden-no pxl-container-margin-auto-no\" data-id=\"5d3ffb2\" data-element_type=\"section\" data-e-type=\"section\">\n\n                \n                <div class=\"elementor-container elementor-column-gap-default\">\n                <div class=\"elementor-column elementor-col-100 elementor-top-column elementor-element elementor-element-e2b3903 col-offset-none pxl-column-element-default pxl-column-overflow-hidden-no\" data-id=\"e2b3903\" data-element_type=\"column\" data-e-type=\"column\">\r\n        <div class=\"elementor-widget-wrap elementor-element-populated\">\r\n                            <section class=\"elementor-section elementor-inner-section elementor-element elementor-element-451a8f8 elementor-section-content-middle elementor-section-boxed elementor-section-height-default elementor-section-height-default pxl-section-static-pos-no pxl-section-overflow-hidden-no pxl-container-margin-auto-no elementor-invisible pxl-elementor-animate\" data-id=\"451a8f8\" data-element_type=\"section\" data-e-type=\"section\" data-settings=\"{&quot;animation&quot;:&quot;fadeInUp&quot;}\">\n\n                \n                <div class=\"elementor-container elementor-column-gap-default\">\n                <div class=\"elementor-column elementor-col-50 elementor-inner-column elementor-element elementor-element-75db6cb pxl-column-element-auto col-offset-none pxl-column-overflow-hidden-no\" data-id=\"75db6cb\" data-element_type=\"column\" data-e-type=\"column\">\r\n        <div class=\"elementor-widget-wrap elementor-element-populated\">\r\n                    \t\t<div class=\"elementor-element elementor-element-a5b186a elementor-view-stacked elementor-shape-square d-inline-flex elementor-widget elementor-widget-icon\" data-id=\"a5b186a\" data-element_type=\"widget\" data-e-type=\"widget\" data-widget_type=\"icon.default\">\n\t\t\t\t<div class=\"elementor-widget-container\">\n\t\t\t\t\t\t\t<div class=\"elementor-icon-wrapper\">\n\t\t\t<div class=\"elementor-icon\">\n\t\t\t<i aria-hidden=\"true\" class=\"cmli cmli-hotel-bell\"><\/i>\t\t\t<\/div>\n\t\t<\/div>\n\t\t\t\t\t\t<\/div>\n\t\t\t\t<\/div>\n\t\t                    <\/div>\r\n        <\/div>\r\n                <div class=\"elementor-column elementor-col-50 elementor-inner-column elementor-element elementor-element-bef22a3 pxl-column-element-grow col-offset-none pxl-column-overflow-hidden-no\" data-id=\"bef22a3\" data-element_type=\"column\" data-e-type=\"column\">\r\n        <div class=\"elementor-widget-wrap elementor-element-populated\">\r\n                    \t\t<div class=\"elementor-element elementor-element-92a34ff elementor-widget__width-auto elementor-widget elementor-widget-pxl_heading\" data-id=\"92a34ff\" data-element_type=\"widget\" data-e-type=\"widget\" data-settings=\"{&quot;title_custom_effect&quot;:&quot;none&quot;}\" data-widget_type=\"pxl_heading.default\">\n\t\t\t\t<div class=\"elementor-widget-container\">\n\t\t\t\t\t<div class=\"pxl-heading-wrap d-flex\">\n    <div class=\"pxl-heading-inner\">\n                <h3 class=\"heading-title\">\n                                    Politika privatnosti                     <\/h3>\n            <\/div>\n<\/div>\n\n\t\t\t\t<\/div>\n\t\t\t\t<\/div>\n\t\t                    <\/div>\r\n        <\/div>\r\n        \t\t\t<\/div>\n\t\t<\/section>\n\t\t\t\t<div class=\"elementor-element elementor-element-4836a8c elementor-widget elementor-widget-pxl_list_style\" data-id=\"4836a8c\" data-element_type=\"widget\" data-e-type=\"widget\" data-widget_type=\"pxl_list_style.default\">\n\t\t\t\t<div class=\"elementor-widget-container\">\n\t\t\t\t\t    <div class=\"pxl-list-style bullet d-flex-wrap flex-column\">\r\n                    <div class=\"list-item d-flex pxl-animate pxl-invisible animated-normal\" data-settings=\"{&quot;animation&quot;:&quot;fadeInUp&quot;,&quot;animation_delay&quot;:100}\">\r\n                                                            \t<div class=\"list-content\">\r\n                                \t   <p>Politika privatnosti<br \/>\nVa\u0161a privatnost nam je va\u017ena. Ova politika privatnosti obja\u0161njava kako prikupljamo, koristimo i \u0161titimo va\u0161e osobne podatke putem na\u0161e web stranice.<\/p>\n<p>1. Tko smo mi<br \/>\nOva stranica je slu\u017ebena web stranica apartmana i koristi WordPress platformu za prezentaciju sadr\u017eaja, rezervacije i kontakt s posjetiteljima. Za dodatna pitanja mo\u017eete nas kontaktirati putem kontakt obrasca na stranici ili izravno putem e-maila.<\/p>\n                    \t            <\/div>\r\n           <\/div>\r\n                    <div class=\"list-item d-flex pxl-animate pxl-invisible animated-normal\" data-settings=\"{&quot;animation&quot;:&quot;fadeInUp&quot;,&quot;animation_delay&quot;:200}\">\r\n                                                            \t<div class=\"list-content\">\r\n                                \t   <p>2. Koje podatke prikupljamo<br \/>\nPutem ove stranice mo\u017eemo prikupljati sljede\u0107e podatke:<\/p>\n<p>Ime i prezime<\/p>\n<p>E-mail adresu<\/p>\n<p>Broj telefona<\/p>\n<p>Detalje o rezervaciji (datumi dolaska i odlaska, broj osoba)<\/p>\n<p>IP adresu i podatke o pregledniku (automatski)<\/p>\n<p>Ovi podaci prikupljaju se putem sljede\u0107ih alata:<\/p>\n<p>Contact Form 7: kada ispunite kontakt obrazac<\/p>\n<p>PXL Hotel Booking: prilikom rezervacije smje\u0161taja<\/p>\n<p>TranslatePress: u slu\u010daju da koristite vi\u0161ejezi\u010dnu verziju stranice<\/p>\n<p>LiteSpeed Cache: koristi kola\u010di\u0107e radi pobolj\u0161anja brzine u\u010ditavanja stranice<\/p>\n                    \t            <\/div>\r\n           <\/div>\r\n                    <div class=\"list-item d-flex pxl-animate pxl-invisible animated-normal\" data-settings=\"{&quot;animation&quot;:&quot;fadeInUp&quot;,&quot;animation_delay&quot;:300}\">\r\n                                                            \t<div class=\"list-content\">\r\n                                \t   <p>3. Kako koristimo va\u0161e podatke<br \/>\nPodatke koristimo isklju\u010divo u svrhu:<\/p>\n<p>Odgovora na va\u0161 upit<\/p>\n<p>Obra\u0111ivanja va\u0161e rezervacije<\/p>\n<p>Unapre\u0111enja korisni\u010dkog iskustva<\/p>\n<p>Pravne obveze vezane uz pru\u017eanje usluge smje\u0161taja<\/p>\n<p>Ne prodajemo, ne iznajmljujemo i ne dijelimo va\u0161e podatke s tre\u0107im stranama, osim ako to zakon ne nala\u017ee.<\/p>\n                    \t            <\/div>\r\n           <\/div>\r\n                    <div class=\"list-item d-flex pxl-animate pxl-invisible animated-normal\" data-settings=\"{&quot;animation&quot;:&quot;fadeInUp&quot;,&quot;animation_delay&quot;:400}\">\r\n                                                            \t<div class=\"list-content\">\r\n                                \t   <p>4. Kola\u010di\u0107i (Cookies)<br \/>\nStranica koristi kola\u010di\u0107e radi optimizacije prikaza i funkcionalnosti:<\/p>\n<p>Tehni\u010dki kola\u010di\u0107i potrebni za ispravno funkcioniranje stranice<\/p>\n<p>Kola\u010di\u0107i za prijevod sadr\u017eaja (TranslatePress)<\/p>\n<p>Kola\u010di\u0107i za br\u017ee u\u010ditavanje (LiteSpeed Cache)<\/p>\n<p>Prilikom prvog posjeta stranici mo\u017eete prihvatiti ili odbiti kori\u0161tenje kola\u010di\u0107a putem obavijesti.<\/p>\n                    \t            <\/div>\r\n           <\/div>\r\n                    <div class=\"list-item d-flex pxl-animate pxl-invisible animated-normal\" data-settings=\"{&quot;animation&quot;:&quot;fadeInUp&quot;,&quot;animation_delay&quot;:500}\">\r\n                                                            \t<div class=\"list-content\">\r\n                                \t   <p>5. Prava korisnika<br \/>\nU skladu s Op\u0107om uredbom o za\u0161titi podataka (GDPR), imate pravo na:<\/p>\n<p>Pristup va\u0161im podacima<\/p>\n<p>Ispravak neto\u010dnih podataka<\/p>\n<p>Brisanje podataka (\u201epravo na zaborav\u201d)<\/p>\n<p>Prigovor na obradu podataka<\/p>\n<p>Prenosivost podataka<\/p>\n<p>Za ostvarenje svojih prava kontaktirajte nas putem kontakt obrasca ili e-mailom.or annoy other guests staying in the Hotel.<\/p>\n                    \t            <\/div>\r\n           <\/div>\r\n                    <div class=\"list-item d-flex pxl-animate pxl-invisible animated-normal\" data-settings=\"{&quot;animation&quot;:&quot;fadeInUp&quot;,&quot;animation_delay&quot;:600}\">\r\n                                                            \t<div class=\"list-content\">\r\n                                \t   <p>6. Sigurnost podataka<br \/>\nPoduzimamo odgovaraju\u0107e tehni\u010dke i organizacijske mjere za za\u0161titu va\u0161ih podataka, uklju\u010duju\u0107i kori\u0161tenje sigurnih servera i redovito a\u017euriranje sustava.<\/p>\n<p>7. Promjene politike privatnosti<br \/>\nZadr\u017eavamo pravo izmjene ove politike privatnosti. Sve promjene bit \u0107e objavljene na ovoj stranici s datumom posljednje izmjene.<\/p>\n                    \t            <\/div>\r\n           <\/div>\r\n            <\/div>\r\n\t\t\t\t<\/div>\n\t\t\t\t<\/div>\n\t\t                    <\/div>\r\n        <\/div>\r\n        \t\t\t<\/div>\n\t\t<\/section>\n\t\t\t\t<\/div>","protected":false},"excerpt":{"rendered":"<p>Politika privatnosti Politika privatnosti Va\u0161a privatnost nam je va\u017ena. Ova politika privatnosti obja\u0161njava kako prikupljamo, koristimo i \u0161titimo va\u0161e osobne podatke putem na\u0161e web stranice. 1. Tko smo mi Ova stranica je slu\u017ebena web stranica apartmana i koristi WordPress platformu za prezentaciju sadr\u017eaja, rezervacije i kontakt s posjetiteljima. Za dodatna pitanja mo\u017eete nas kontaktirati putem [&hellip;]<\/p>\n","protected":false},"author":1,"featured_media":0,"parent":0,"menu_order":0,"comment_status":"closed","ping_status":"closed","template":"","meta":{"footnotes":""},"class_list":["post-1982","page","type-page","status-publish","hentry"],"_links":{"self":[{"href":"https:\/\/urban-west-apartments-zagreb.com\/en\/wp-json\/wp\/v2\/pages\/1982","targetHints":{"allow":["GET"]}}],"collection":[{"href":"https:\/\/urban-west-apartments-zagreb.com\/en\/wp-json\/wp\/v2\/pages"}],"about":[{"href":"https:\/\/urban-west-apartments-zagreb.com\/en\/wp-json\/wp\/v2\/types\/page"}],"author":[{"embeddable":true,"href":"https:\/\/urban-west-apartments-zagreb.com\/en\/wp-json\/wp\/v2\/users\/1"}],"replies":[{"embeddable":true,"href":"https:\/\/urban-west-apartments-zagreb.com\/en\/wp-json\/wp\/v2\/comments?post=1982"}],"version-history":[{"count":0,"href":"https:\/\/urban-west-apartments-zagreb.com\/en\/wp-json\/wp\/v2\/pages\/1982\/revisions"}],"wp:attachment":[{"href":"https:\/\/urban-west-apartments-zagreb.com\/en\/wp-json\/wp\/v2\/media?parent=1982"}],"curies":[{"name":"wp","href":"https:\/\/api.w.org\/{rel}","templated":true}]}}